{"id":4516,"date":"2020-04-28T15:15:39","date_gmt":"2020-04-28T13:15:39","guid":{"rendered":"https:\/\/gallerisebastianschildt.se\/contact\/"},"modified":"2024-08-07T21:27:44","modified_gmt":"2024-08-07T19:27:44","slug":"contact","status":"publish","type":"page","link":"https:\/\/gallerisebastianschildt.se\/en\/contact\/","title":{"rendered":"Contact"},"content":{"rendered":"<p>[et_pb_section fb_built=&#8221;1&#8243; _builder_version=&#8221;4.16&#8243; global_colors_info=&#8221;{}&#8221;][et_pb_row _builder_version=&#8221;4.16&#8243; custom_padding=&#8221;||||false|false&#8221; global_colors_info=&#8221;{}&#8221;][et_pb_column type=&#8221;4_4&#8243; _builder_version=&#8221;4.16&#8243; global_colors_info=&#8221;{}&#8221;]<\/p>\n<p>[et_pb_post_title meta=&#8221;off&#8221; featured_image=&#8221;off&#8221; _builder_version=&#8221;4.16&#8243; title_letter_spacing=&#8221;3px&#8221; global_colors_info=&#8221;{}&#8221;][\/et_pb_post_title]<\/p>\n<p>[\/et_pb_column][\/et_pb_row][et_pb_row column_structure=&#8221;2_5,3_5&#8243; _builder_version=&#8221;4.16&#8243; global_colors_info=&#8221;{}&#8221;][et_pb_column type=&#8221;2_5&#8243; _builder_version=&#8221;4.16&#8243; global_colors_info=&#8221;{}&#8221;][et_pb_image src=&#8221;https:\/\/gallerisebastianschildt.se\/wp-content\/uploads\/2020\/04\/DSC_4243.jpg&#8221; title_text=&#8221;DSC_4243&#8243; force_fullwidth=&#8221;on&#8221; _builder_version=&#8221;4.16&#8243; custom_padding=&#8221;5px||||false|false&#8221; custom_padding_last_edited=&#8221;off|desktop&#8221; global_colors_info=&#8221;{}&#8221;][\/et_pb_image][\/et_pb_column][et_pb_column type=&#8221;3_5&#8243; _builder_version=&#8221;4.16&#8243; global_colors_info=&#8221;{}&#8221;][et_pb_text _builder_version=&#8221;4.25.1&#8243; link_font=&#8221;|600|||on||||&#8221; link_text_color=&#8221;#333333&#8243; custom_margin=&#8221;||14px|||&#8221; hover_enabled=&#8221;0&#8243; header_2_text_align_last_edited=&#8221;off|phone&#8221; header_2_font_size_tablet=&#8221;&#8221; header_2_font_size_phone=&#8221;20px&#8221; header_2_font_size_last_edited=&#8221;on|phone&#8221; header_3_text_align_last_edited=&#8221;off|phone&#8221; global_colors_info=&#8221;{}&#8221; sticky_enabled=&#8221;0&#8243;]<\/p>\n<h3>OPENING TIMES<\/h3>\n<h3>Tue \u2013 Fri \u00a0 \u00a0 \u00a011.00 \u2013 18.00<br \/>Sat \u00a0 \u00a0 \u00a0 \u00a0 \u00a0 \u00a0 \u00a0 11.00 \u2013 16.00<\/h3>\n<h3>\u00a0<\/h3>\n<h3>\u00a0<\/h3>\n<h3>TELEPHONE<\/h3>\n<p>+46 (0)8 665 40 88<\/p>\n<h3>EMAIL<\/h3>\n<p><a href=\"mailto:galleri@gallerisebastianschildt.se\">galleri@gallerisebastianschildt.se<\/a><\/p>\n<h3>ADDRESS<\/h3>\n<p>Strandv\u00e4gen 5 B, 114 51 Stockholm, Sweden<\/p>\n<p>&nbsp;<\/p>\n<p>[\/et_pb_text][\/et_pb_column][\/et_pb_row][\/et_pb_section][et_pb_section fb_built=&#8221;1&#8243; _builder_version=&#8221;4.16&#8243; background_color=&#8221;#c5ab90&#8243; custom_margin=&#8221;|0px||0px&#8221; custom_padding=&#8221;29px|0px|0px|0px||&#8221; locked=&#8221;off&#8221; global_colors_info=&#8221;{}&#8221;][et_pb_row _builder_version=&#8221;4.16&#8243; custom_padding=&#8221;0px||12px|||&#8221; global_colors_info=&#8221;{}&#8221;][et_pb_column type=&#8221;4_4&#8243; _builder_version=&#8221;4.16&#8243; global_colors_info=&#8221;{}&#8221;][et_pb_text _builder_version=&#8221;4.16&#8243; text_orientation=&#8221;center&#8221; custom_margin=&#8221;||0px|||&#8221; global_colors_info=&#8221;{}&#8221;]<\/p>\n<h3>SUBSCRIBE TO OUR NEWSLETTER AND STAY UP TO DATE WITH WHAT&#8217;S HAPPENING AT THE GALLERY.<\/h3>\n<h3>SIGN UP HERE!<\/h3>\n<p>[\/et_pb_text][et_pb_text _builder_version=&#8221;4.16&#8243; _module_preset=&#8221;default&#8221; text_orientation=&#8221;center&#8221; width=&#8221;45%&#8221; width_tablet=&#8221;100%&#8221; width_phone=&#8221;&#8221; width_last_edited=&#8221;on|phone&#8221; module_alignment=&#8221;center&#8221; global_colors_info=&#8221;{}&#8221;]<\/p>\n<script>(function() {\n\twindow.mc4wp = window.mc4wp || {\n\t\tlisteners: [],\n\t\tforms: {\n\t\t\ton: function(evt, cb) {\n\t\t\t\twindow.mc4wp.listeners.push(\n\t\t\t\t\t{\n\t\t\t\t\t\tevent   : evt,\n\t\t\t\t\t\tcallback: cb\n\t\t\t\t\t}\n\t\t\t\t);\n\t\t\t}\n\t\t}\n\t}\n})();\n<\/script><!-- Mailchimp for WordPress v4.9.15 - https:\/\/wordpress.org\/plugins\/mailchimp-for-wp\/ --><form id=\"mc4wp-form-1\" class=\"mc4wp-form mc4wp-form-8893 mc4wp-form-theme mc4wp-form-theme-dark\" method=\"post\" data-id=\"8893\" data-name=\"Nyhetsbrev\" ><div class=\"mc4wp-form-fields\"><p style=\"text-align: center;\">\r\n\t<label><input type=\"email\" name=\"EMAIL\" placeholder=\"Email\" required style=\"text-align: center;\" \/>\r\n<\/label>\r\n\r\n\t<input type=\"submit\" value=\"Subscribe\" \/>\r\n<\/p><\/div><label style=\"display: none !important;\">Leave this field empty if you're human: <input type=\"text\" name=\"_mc4wp_honeypot\" value=\"\" tabindex=\"-1\" autocomplete=\"off\" \/><\/label><input type=\"hidden\" name=\"_mc4wp_timestamp\" value=\"1777643508\" \/><input type=\"hidden\" name=\"_mc4wp_form_id\" value=\"8893\" \/><input type=\"hidden\" name=\"_mc4wp_form_element_id\" value=\"mc4wp-form-1\" \/><div class=\"mc4wp-response\"><\/div><\/form><!-- \/ Mailchimp for WordPress Plugin -->\n<p>[\/et_pb_text][\/et_pb_column][\/et_pb_row][\/et_pb_section][et_pb_section fb_built=&#8221;1&#8243; _builder_version=&#8221;4.16&#8243; background_color=&#8221;#f4efea&#8221; global_colors_info=&#8221;{}&#8221;][et_pb_row _builder_version=&#8221;4.16&#8243; global_colors_info=&#8221;{}&#8221;][et_pb_column type=&#8221;4_4&#8243; _builder_version=&#8221;4.16&#8243; global_colors_info=&#8221;{}&#8221;][et_pb_text _builder_version=&#8221;4.16&#8243; global_colors_info=&#8221;{}&#8221;]<\/p>\n<h3>Send us a message<\/h3>\n<p>[\/et_pb_text][et_pb_contact_form email=&#8221;galleri@gallerisebastianschildt.se&#8221; submit_button_text=&#8221;Send&#8221; _builder_version=&#8221;4.16&#8243; _unique_id=&#8221;de60c30f-8cfb-4fd9-a737-80849bc64e94&#8243; form_field_background_color=&#8221;#ffffff&#8221; form_field_text_color=&#8221;#333333&#8243; form_field_focus_text_color=&#8221;#000000&#8243; captcha_text_color=&#8221;#333333&#8243; custom_button=&#8221;on&#8221; button_text_size=&#8221;16px&#8221; button_text_color=&#8221;#333333&#8243; button_bg_color=&#8221;#ffffff&#8221; button_border_width=&#8221;0px&#8221; button_border_color=&#8221;rgba(10,0,0,0)&#8221; global_colors_info=&#8221;{}&#8221;][et_pb_contact_field field_id=&#8221;Namn&#8221; field_title=&#8221;Name&#8221; _builder_version=&#8221;4.16&#8243; global_colors_info=&#8221;{}&#8221; button_text_size__hover_enabled=&#8221;off&#8221; button_one_text_size__hover_enabled=&#8221;off&#8221; button_two_text_size__hover_enabled=&#8221;off&#8221; button_text_color__hover_enabled=&#8221;off&#8221; button_one_text_color__hover_enabled=&#8221;off&#8221; button_two_text_color__hover_enabled=&#8221;off&#8221; button_border_width__hover_enabled=&#8221;off&#8221; button_one_border_width__hover_enabled=&#8221;off&#8221; button_two_border_width__hover_enabled=&#8221;off&#8221; button_border_color__hover_enabled=&#8221;off&#8221; button_one_border_color__hover_enabled=&#8221;off&#8221; button_two_border_color__hover_enabled=&#8221;off&#8221; button_border_radius__hover_enabled=&#8221;off&#8221; button_one_border_radius__hover_enabled=&#8221;off&#8221; button_two_border_radius__hover_enabled=&#8221;off&#8221; button_letter_spacing__hover_enabled=&#8221;off&#8221; button_one_letter_spacing__hover_enabled=&#8221;off&#8221; button_two_letter_spacing__hover_enabled=&#8221;off&#8221; button_bg_color__hover_enabled=&#8221;off&#8221; button_one_bg_color__hover_enabled=&#8221;off&#8221; button_two_bg_color__hover_enabled=&#8221;off&#8221;][\/et_pb_contact_field][et_pb_contact_field field_id=&#8221;Epost&#8221; field_title=&#8221;Email&#8221; field_type=&#8221;email&#8221; _builder_version=&#8221;4.16&#8243; global_colors_info=&#8221;{}&#8221; button_text_size__hover_enabled=&#8221;off&#8221; button_one_text_size__hover_enabled=&#8221;off&#8221; button_two_text_size__hover_enabled=&#8221;off&#8221; button_text_color__hover_enabled=&#8221;off&#8221; button_one_text_color__hover_enabled=&#8221;off&#8221; button_two_text_color__hover_enabled=&#8221;off&#8221; button_border_width__hover_enabled=&#8221;off&#8221; button_one_border_width__hover_enabled=&#8221;off&#8221; button_two_border_width__hover_enabled=&#8221;off&#8221; button_border_color__hover_enabled=&#8221;off&#8221; button_one_border_color__hover_enabled=&#8221;off&#8221; button_two_border_color__hover_enabled=&#8221;off&#8221; button_border_radius__hover_enabled=&#8221;off&#8221; button_one_border_radius__hover_enabled=&#8221;off&#8221; button_two_border_radius__hover_enabled=&#8221;off&#8221; button_letter_spacing__hover_enabled=&#8221;off&#8221; button_one_letter_spacing__hover_enabled=&#8221;off&#8221; button_two_letter_spacing__hover_enabled=&#8221;off&#8221; button_bg_color__hover_enabled=&#8221;off&#8221; button_one_bg_color__hover_enabled=&#8221;off&#8221; button_two_bg_color__hover_enabled=&#8221;off&#8221;][\/et_pb_contact_field][et_pb_contact_field field_id=&#8221;Meddelande&#8221; field_title=&#8221;Message&#8221; field_type=&#8221;text&#8221; fullwidth_field=&#8221;on&#8221; _builder_version=&#8221;4.16&#8243; global_colors_info=&#8221;{}&#8221; button_text_size__hover_enabled=&#8221;off&#8221; button_one_text_size__hover_enabled=&#8221;off&#8221; button_two_text_size__hover_enabled=&#8221;off&#8221; button_text_color__hover_enabled=&#8221;off&#8221; button_one_text_color__hover_enabled=&#8221;off&#8221; button_two_text_color__hover_enabled=&#8221;off&#8221; button_border_width__hover_enabled=&#8221;off&#8221; button_one_border_width__hover_enabled=&#8221;off&#8221; button_two_border_width__hover_enabled=&#8221;off&#8221; button_border_color__hover_enabled=&#8221;off&#8221; button_one_border_color__hover_enabled=&#8221;off&#8221; button_two_border_color__hover_enabled=&#8221;off&#8221; button_border_radius__hover_enabled=&#8221;off&#8221; button_one_border_radius__hover_enabled=&#8221;off&#8221; button_two_border_radius__hover_enabled=&#8221;off&#8221; button_letter_spacing__hover_enabled=&#8221;off&#8221; button_one_letter_spacing__hover_enabled=&#8221;off&#8221; button_two_letter_spacing__hover_enabled=&#8221;off&#8221; button_bg_color__hover_enabled=&#8221;off&#8221; button_one_bg_color__hover_enabled=&#8221;off&#8221; button_two_bg_color__hover_enabled=&#8221;off&#8221;][\/et_pb_contact_field][\/et_pb_contact_form][\/et_pb_column][\/et_pb_row][\/et_pb_section][et_pb_section fb_built=&#8221;1&#8243; _builder_version=&#8221;4.16&#8243; global_colors_info=&#8221;{}&#8221;][et_pb_row column_structure=&#8221;1_2,1_2&#8243; _builder_version=&#8221;4.16&#8243; global_colors_info=&#8221;{}&#8221;][et_pb_column type=&#8221;1_2&#8243; _builder_version=&#8221;4.16&#8243; global_colors_info=&#8221;{}&#8221;][et_pb_text _builder_version=&#8221;4.16&#8243; global_colors_info=&#8221;{}&#8221;]<\/p>\n<h3>UNDERGROUND<\/h3>\n<p>Closest station: \u00d6stermalmstorg (red line) or Kungstr\u00e4dg\u00e5rden (blue line)<\/p>\n<p>[\/et_pb_text][\/et_pb_column][et_pb_column type=&#8221;1_2&#8243; _builder_version=&#8221;4.16&#8243; global_colors_info=&#8221;{}&#8221;][et_pb_text _builder_version=&#8221;4.16&#8243; global_colors_info=&#8221;{}&#8221;]<\/p>\n<h3>BUS &amp; TRAM<\/h3>\n<p>Closest station: Nybroplan or Dramaten<\/p>\n<p>[\/et_pb_text][\/et_pb_column][\/et_pb_row][\/et_pb_section][et_pb_section fb_built=&#8221;1&#8243; _builder_version=&#8221;4.16&#8243; custom_padding=&#8221;0px||0px||false|false&#8221; global_colors_info=&#8221;{}&#8221;][et_pb_row _builder_version=&#8221;4.16&#8243; width=&#8221;100%&#8221; max_width=&#8221;100%&#8221; custom_padding=&#8221;0px||0px|||&#8221; global_colors_info=&#8221;{}&#8221;][et_pb_column type=&#8221;4_4&#8243; _builder_version=&#8221;4.16&#8243; global_colors_info=&#8221;{}&#8221;][et_pb_code _builder_version=&#8221;4.16&#8243; global_colors_info=&#8221;{}&#8221;]<pee>\n<style type=\"text\/css\"><!-- [et_pb_line_break_holder] -->.map-responsive{<!-- [et_pb_line_break_holder] -->    overflow:hidden;<!-- [et_pb_line_break_holder] -->    padding-bottom:30.25%;<!-- [et_pb_line_break_holder] -->    position:relative;<!-- [et_pb_line_break_holder] -->    height:0;<!-- [et_pb_line_break_holder] -->}<!-- [et_pb_line_break_holder] -->.map-responsive iframe{<!-- [et_pb_line_break_holder] -->    left:0;<!-- [et_pb_line_break_holder] -->    top:0;<!-- [et_pb_line_break_holder] -->    height:100%;<!-- [et_pb_line_break_holder] -->    width:100%;<!-- [et_pb_line_break_holder] -->    position:absolute;<!-- [et_pb_line_break_holder] -->}<!-- [et_pb_line_break_holder] --><\/style>\n<\/pee>\n<!-- [et_pb_line_break_holder] --><\/p>\n<div class=\"map-responsive\"><!-- [et_pb_line_break_holder] --><iframe loading=\"lazy\" style=\"border: 0;\" tabindex=\"0\" data-src=\"https:\/\/www.google.com\/maps\/embed?pb=!1m18!1m12!1m3!1d254.37919207421402!2d18.078743613550802!3d59.33239391781867!2m3!1f0!2f0!3f0!3m2!1i1024!2i768!4f13.1!3m3!1m2!1s0x465f9d5a6aaee3d3%3A0xa87f5cc17071363e!2sGalleri%20Sebastian%20Schildt!5e0!3m2!1ssv!2sse!4v1588082597537!5m2!1ssv!2sse\" width=\"600\" height=\"450\" frameborder=\"0\" allowfullscreen=\"allowfullscreen\" aria-hidden=\"false\" src=\"data:image\/gif;base64,R0lGODlhAQABAAAAACH5BAEKAAEALAAAAAABAAEAAAICTAEAOw==\" class=\"lazyload\" data-load-mode=\"1\"><\/iframe><!-- [et_pb_line_break_holder] --><\/p>\n<div><!-- [et_pb_line_break_holder] --><!-- [et_pb_line_break_holder] --><\/div>\n<\/div>\n<p>[\/et_pb_code][\/et_pb_column][\/et_pb_row][\/et_pb_section]<\/p>\n","protected":false},"excerpt":{"rendered":"<p>OPENING TIMES Tue \u2013 Fri \u00a0 \u00a0 \u00a011.00 \u2013 18.00Sat \u00a0 \u00a0 \u00a0 \u00a0 \u00a0 \u00a0 \u00a0 11.00 \u2013 16.00 \u00a0 \u00a0 TELEPHONE +46 (0)8 665 40 88 EMAIL galleri@gallerisebastianschildt.se ADDRESS Strandv\u00e4gen 5 B, 114 51 Stockholm, Sweden &nbsp;SUBSCRIBE TO OUR NEWSLETTER AND STAY UP TO DATE WITH WHAT&#8217;S HAPPENING AT THE GALLERY. SIGN UP [&hellip;]<\/p>\n","protected":false},"author":1,"featured_media":0,"parent":0,"menu_order":0,"comment_status":"closed","ping_status":"closed","template":"","meta":{"_acf_changed":false,"_et_pb_use_builder":"on","_et_pb_old_content":"","_et_gb_content_width":"","footnotes":""},"acf":[],"yoast_head":"<!-- This site is optimized with the Yoast SEO plugin v23.3 - https:\/\/yoast.com\/wordpress\/plugins\/seo\/ -->\n<title>Contact - Galleri Sebastian Schildt<\/title>\n<meta name=\"robots\" content=\"index, follow, max-snippet:-1, max-image-preview:large, max-video-preview:-1\" \/>\n<link rel=\"canonical\" href=\"https:\/\/gallerisebastianschildt.se\/kontakt\/\" \/>\n<meta property=\"og:locale\" content=\"en_US\" \/>\n<meta property=\"og:type\" content=\"article\" \/>\n<meta property=\"og:title\" content=\"Contact - Galleri Sebastian Schildt\" \/>\n<meta property=\"og:description\" content=\"OPENING TIMES Tue \u2013 Fri \u00a0 \u00a0 \u00a011.00 \u2013 18.00Sat \u00a0 \u00a0 \u00a0 \u00a0 \u00a0 \u00a0 \u00a0 11.00 \u2013 16.00 \u00a0 \u00a0 TELEPHONE +46 (0)8 665 40 88 EMAIL galleri@gallerisebastianschildt.se ADDRESS Strandv\u00e4gen 5 B, 114 51 Stockholm, Sweden &nbsp;SUBSCRIBE TO OUR NEWSLETTER AND STAY UP TO DATE WITH WHAT&#039;S HAPPENING AT THE GALLERY. SIGN UP [&hellip;]\" \/>\n<meta property=\"og:url\" content=\"https:\/\/gallerisebastianschildt.se\/kontakt\/\" \/>\n<meta property=\"og:site_name\" content=\"Galleri Sebastian Schildt\" \/>\n<meta property=\"article:modified_time\" content=\"2024-08-07T19:27:44+00:00\" \/>\n<meta name=\"twitter:card\" content=\"summary_large_image\" \/>\n<meta name=\"twitter:label1\" content=\"Est. reading time\" \/>\n\t<meta name=\"twitter:data1\" content=\"5 minutes\" \/>\n<script type=\"application\/ld+json\" class=\"yoast-schema-graph\">{\"@context\":\"https:\/\/schema.org\",\"@graph\":[{\"@type\":\"WebPage\",\"@id\":\"https:\/\/gallerisebastianschildt.se\/kontakt\/\",\"url\":\"https:\/\/gallerisebastianschildt.se\/kontakt\/\",\"name\":\"Contact - Galleri Sebastian Schildt\",\"isPartOf\":{\"@id\":\"https:\/\/gallerisebastianschildt.se\/#website\"},\"datePublished\":\"2020-04-28T13:15:39+00:00\",\"dateModified\":\"2024-08-07T19:27:44+00:00\",\"breadcrumb\":{\"@id\":\"https:\/\/gallerisebastianschildt.se\/kontakt\/#breadcrumb\"},\"inLanguage\":\"en-US\",\"potentialAction\":[{\"@type\":\"ReadAction\",\"target\":[\"https:\/\/gallerisebastianschildt.se\/kontakt\/\"]}]},{\"@type\":\"BreadcrumbList\",\"@id\":\"https:\/\/gallerisebastianschildt.se\/kontakt\/#breadcrumb\",\"itemListElement\":[{\"@type\":\"ListItem\",\"position\":1,\"name\":\"Home\",\"item\":\"https:\/\/gallerisebastianschildt.se\/en\/\"},{\"@type\":\"ListItem\",\"position\":2,\"name\":\"Contact\"}]},{\"@type\":\"WebSite\",\"@id\":\"https:\/\/gallerisebastianschildt.se\/#website\",\"url\":\"https:\/\/gallerisebastianschildt.se\/\",\"name\":\"Galleri Sebastian Schildt\",\"description\":\"\",\"publisher\":{\"@id\":\"https:\/\/gallerisebastianschildt.se\/#organization\"},\"potentialAction\":[{\"@type\":\"SearchAction\",\"target\":{\"@type\":\"EntryPoint\",\"urlTemplate\":\"https:\/\/gallerisebastianschildt.se\/?s={search_term_string}\"},\"query-input\":\"required name=search_term_string\"}],\"inLanguage\":\"en-US\"},{\"@type\":\"Organization\",\"@id\":\"https:\/\/gallerisebastianschildt.se\/#organization\",\"name\":\"Galleri Sebastian Schildt\",\"url\":\"https:\/\/gallerisebastianschildt.se\/\",\"logo\":{\"@type\":\"ImageObject\",\"inLanguage\":\"en-US\",\"@id\":\"https:\/\/gallerisebastianschildt.se\/#\/schema\/logo\/image\/\",\"url\":\"https:\/\/gallerisebastianschildt.se\/wp-content\/uploads\/2018\/08\/Galleri-Sebastian-Schildt-Pos.png\",\"contentUrl\":\"https:\/\/gallerisebastianschildt.se\/wp-content\/uploads\/2018\/08\/Galleri-Sebastian-Schildt-Pos.png\",\"width\":400,\"height\":256,\"caption\":\"Galleri Sebastian Schildt\"},\"image\":{\"@id\":\"https:\/\/gallerisebastianschildt.se\/#\/schema\/logo\/image\/\"}}]}<\/script>\n<!-- \/ Yoast SEO plugin. -->","yoast_head_json":{"title":"Contact - Galleri Sebastian Schildt","robots":{"index":"index","follow":"follow","max-snippet":"max-snippet:-1","max-image-preview":"max-image-preview:large","max-video-preview":"max-video-preview:-1"},"canonical":"https:\/\/gallerisebastianschildt.se\/kontakt\/","og_locale":"en_US","og_type":"article","og_title":"Contact - Galleri Sebastian Schildt","og_description":"OPENING TIMES Tue \u2013 Fri \u00a0 \u00a0 \u00a011.00 \u2013 18.00Sat \u00a0 \u00a0 \u00a0 \u00a0 \u00a0 \u00a0 \u00a0 11.00 \u2013 16.00 \u00a0 \u00a0 TELEPHONE +46 (0)8 665 40 88 EMAIL galleri@gallerisebastianschildt.se ADDRESS Strandv\u00e4gen 5 B, 114 51 Stockholm, Sweden &nbsp;SUBSCRIBE TO OUR NEWSLETTER AND STAY UP TO DATE WITH WHAT'S HAPPENING AT THE GALLERY. SIGN UP [&hellip;]","og_url":"https:\/\/gallerisebastianschildt.se\/kontakt\/","og_site_name":"Galleri Sebastian Schildt","article_modified_time":"2024-08-07T19:27:44+00:00","twitter_card":"summary_large_image","twitter_misc":{"Est. reading time":"5 minutes"},"schema":{"@context":"https:\/\/schema.org","@graph":[{"@type":"WebPage","@id":"https:\/\/gallerisebastianschildt.se\/kontakt\/","url":"https:\/\/gallerisebastianschildt.se\/kontakt\/","name":"Contact - Galleri Sebastian Schildt","isPartOf":{"@id":"https:\/\/gallerisebastianschildt.se\/#website"},"datePublished":"2020-04-28T13:15:39+00:00","dateModified":"2024-08-07T19:27:44+00:00","breadcrumb":{"@id":"https:\/\/gallerisebastianschildt.se\/kontakt\/#breadcrumb"},"inLanguage":"en-US","potentialAction":[{"@type":"ReadAction","target":["https:\/\/gallerisebastianschildt.se\/kontakt\/"]}]},{"@type":"BreadcrumbList","@id":"https:\/\/gallerisebastianschildt.se\/kontakt\/#breadcrumb","itemListElement":[{"@type":"ListItem","position":1,"name":"Home","item":"https:\/\/gallerisebastianschildt.se\/en\/"},{"@type":"ListItem","position":2,"name":"Contact"}]},{"@type":"WebSite","@id":"https:\/\/gallerisebastianschildt.se\/#website","url":"https:\/\/gallerisebastianschildt.se\/","name":"Galleri Sebastian Schildt","description":"","publisher":{"@id":"https:\/\/gallerisebastianschildt.se\/#organization"},"potentialAction":[{"@type":"SearchAction","target":{"@type":"EntryPoint","urlTemplate":"https:\/\/gallerisebastianschildt.se\/?s={search_term_string}"},"query-input":"required name=search_term_string"}],"inLanguage":"en-US"},{"@type":"Organization","@id":"https:\/\/gallerisebastianschildt.se\/#organization","name":"Galleri Sebastian Schildt","url":"https:\/\/gallerisebastianschildt.se\/","logo":{"@type":"ImageObject","inLanguage":"en-US","@id":"https:\/\/gallerisebastianschildt.se\/#\/schema\/logo\/image\/","url":"https:\/\/gallerisebastianschildt.se\/wp-content\/uploads\/2018\/08\/Galleri-Sebastian-Schildt-Pos.png","contentUrl":"https:\/\/gallerisebastianschildt.se\/wp-content\/uploads\/2018\/08\/Galleri-Sebastian-Schildt-Pos.png","width":400,"height":256,"caption":"Galleri Sebastian Schildt"},"image":{"@id":"https:\/\/gallerisebastianschildt.se\/#\/schema\/logo\/image\/"}}]}},"_links":{"self":[{"href":"https:\/\/gallerisebastianschildt.se\/en\/wp-json\/wp\/v2\/pages\/4516"}],"collection":[{"href":"https:\/\/gallerisebastianschildt.se\/en\/wp-json\/wp\/v2\/pages"}],"about":[{"href":"https:\/\/gallerisebastianschildt.se\/en\/wp-json\/wp\/v2\/types\/page"}],"author":[{"embeddable":true,"href":"https:\/\/gallerisebastianschildt.se\/en\/wp-json\/wp\/v2\/users\/1"}],"replies":[{"embeddable":true,"href":"https:\/\/gallerisebastianschildt.se\/en\/wp-json\/wp\/v2\/comments?post=4516"}],"version-history":[{"count":99,"href":"https:\/\/gallerisebastianschildt.se\/en\/wp-json\/wp\/v2\/pages\/4516\/revisions"}],"predecessor-version":[{"id":15915,"href":"https:\/\/gallerisebastianschildt.se\/en\/wp-json\/wp\/v2\/pages\/4516\/revisions\/15915"}],"wp:attachment":[{"href":"https:\/\/gallerisebastianschildt.se\/en\/wp-json\/wp\/v2\/media?parent=4516"}],"curies":[{"name":"wp","href":"https:\/\/api.w.org\/{rel}","templated":true}]}}